{"id":22,"date":"2026-02-02T23:14:28","date_gmt":"2026-02-02T23:14:28","guid":{"rendered":"http:\/\/osteo-gigean.fr\/?page_id=22"},"modified":"2026-02-14T10:33:05","modified_gmt":"2026-02-14T10:33:05","slug":"22-2","status":"publish","type":"page","link":"https:\/\/osteo-gigean.fr\/","title":{"rendered":"Accueil"},"content":{"rendered":"\n<div class=\"wp-block-uagb-advanced-heading uagb-block-eec5b052\"><h3 class=\"uagb-heading-text\">CHOUABBI SAMIR &#8211; Ost\u00e9opathe D.O.<\/h3><\/div>\n\n\n\n<p><\/p>\n\n\n\n<div class=\"wp-block-uagb-container uagb-block-dbz5fyyf alignfull uagb-is-root-container\"><div class=\"uagb-container-inner-blocks-wrap\">\n<div class=\"wp-block-uagb-info-box uagb-block-shy7ml8y uagb-infobox__content-wrap  uagb-infobox-icon-above-title uagb-infobox-image-valign-top\"><div class=\"uagb-ifb-content\"><div class=\"uagb-ifb-title-wrap\"><h1 class=\"uagb-ifb-title\">Votre cabinet d&#8217;ost\u00e9opathie \u00e0 GIGEAN<\/h1><\/div><p class=\"uagb-ifb-desc\">Je vous accueille au cabinet pour des consultations d\u2019ost\u00e9opathie adapt\u00e9es \u00e0 <strong>tous les \u00e2ges<\/strong> :  enfants, adultes, sportifs, femmes enceintes et seniors.<br>L\u2019ost\u00e9opathie est une approche manuelle globale qui vise \u00e0 <strong>pr\u00e9venir, diagnostiquer et traiter les restrictions de mobilit\u00e9<\/strong> du corps pouvant \u00eatre \u00e0 l\u2019origine de douleurs et de troubles fonctionnels. <\/p><\/div><\/div>\n\n\n\n<div class=\"wp-block-uagb-buttons uagb-buttons__outer-wrap uagb-btn__default-btn uagb-btn-tablet__default-btn uagb-btn-mobile__default-btn uagb-block-k4ljp6bs\"><div class=\"uagb-buttons__wrap uagb-buttons-layout-wrap \">\n<div class=\"wp-block-uagb-buttons-child uagb-buttons__outer-wrap uagb-block-vkdm8dax wp-block-button\"><div class=\"uagb-button__wrapper\"><a class=\"uagb-buttons-repeater wp-block-button__link\" aria-label=\"\" href=\"https:\/\/www.doctolib.fr\/osteopathe\/gigean\/samir-chouabbi\" rel=\"follow noopener\" target=\"_blank\" role=\"button\"><div class=\"uagb-button__link\">Prendre Rendez-vous<\/div><\/a><\/div><\/div>\n<\/div><\/div>\n\n\n\n<div class=\"wp-block-uagb-container uagb-block-jrmtk050\">\n<div class=\"wp-block-uagb-image alignleft uagb-block-7iq5cha7 wp-block-uagb-image--layout-default wp-block-uagb-image--effect-static wp-block-uagb-image--align-left\"><figure class=\"wp-block-uagb-image__figure\"><img decoding=\"async\" srcset=\"https:\/\/osteo-gigean.fr\/wp-content\/uploads\/2026\/02\/CAB-1-300x225.webp ,https:\/\/osteo-gigean.fr\/wp-content\/uploads\/2026\/02\/CAB-1.webp 780w, https:\/\/osteo-gigean.fr\/wp-content\/uploads\/2026\/02\/CAB-1.webp 360w\" sizes=\"auto, (max-width: 480px) 150px\" src=\"https:\/\/osteo-gigean.fr\/wp-content\/uploads\/2026\/02\/CAB-1-300x225.webp\" alt=\"\" class=\"uag-image-37\" width=\"384\" height=\"268\" title=\"\" loading=\"lazy\" role=\"presentation\"\/><\/figure><\/div>\n\n\n\n<div class=\"wp-block-uagb-image alignleft uagb-block-t1syhwvj wp-block-uagb-image--layout-default wp-block-uagb-image--effect-static wp-block-uagb-image--align-left\"><figure class=\"wp-block-uagb-image__figure\"><img decoding=\"async\" srcset=\"https:\/\/osteo-gigean.fr\/wp-content\/uploads\/2026\/02\/CAB-2-1024x575.webp ,https:\/\/osteo-gigean.fr\/wp-content\/uploads\/2026\/02\/CAB-2.webp 780w, https:\/\/osteo-gigean.fr\/wp-content\/uploads\/2026\/02\/CAB-2.webp 360w\" sizes=\"auto, (max-width: 480px) 150px\" src=\"https:\/\/osteo-gigean.fr\/wp-content\/uploads\/2026\/02\/CAB-2-1024x575.webp\" alt=\"\" class=\"uag-image-38\" width=\"385\" height=\"262\" title=\"CAB 2\" loading=\"lazy\" role=\"img\"\/><\/figure><\/div>\n\n\n\n<div class=\"wp-block-uagb-image alignleft uagb-block-ya2kubwx wp-block-uagb-image--layout-default wp-block-uagb-image--effect-static wp-block-uagb-image--align-left\"><figure class=\"wp-block-uagb-image__figure\"><img decoding=\"async\" srcset=\"https:\/\/osteo-gigean.fr\/wp-content\/uploads\/2026\/02\/CAB-3-1024x768.webp ,https:\/\/osteo-gigean.fr\/wp-content\/uploads\/2026\/02\/CAB-3.webp 780w, https:\/\/osteo-gigean.fr\/wp-content\/uploads\/2026\/02\/CAB-3.webp 360w\" sizes=\"auto, (max-width: 480px) 150px\" src=\"https:\/\/osteo-gigean.fr\/wp-content\/uploads\/2026\/02\/CAB-3-1024x768.webp\" alt=\"\" class=\"uag-image-39\" width=\"403\" height=\"263\" title=\"CAB 3\" loading=\"lazy\" role=\"img\"\/><\/figure><\/div>\n<\/div>\n<\/div><\/div>\n\n\n\n<div class=\"wp-block-uagb-container uagb-block-ermilhx4 alignfull uagb-is-root-container\"><div class=\"uagb-container-inner-blocks-wrap\">\n<div class=\"wp-block-uagb-container uagb-block-ad0rropa\">\n<div class=\"wp-block-uagb-container uagb-block-smq36zaf\">\n<div class=\"wp-block-uagb-info-box uagb-block-r3dnamoj uagb-infobox__content-wrap  uagb-infobox-icon-above-title uagb-infobox-image-valign-top\"><div class=\"uagb-ifb-content\"><div class=\"uagb-ifb-title-wrap\"><h2 class=\"uagb-ifb-title\">Contacter le cabinet<\/h2><\/div><p class=\"uagb-ifb-desc\">Plusieurs moyens sont \u00e0 votre disposition pour contacter le cabinet.<\/p><\/div><\/div>\n<\/div>\n\n\n\n<div class=\"wp-block-uagb-container uagb-block-vvwrwoxb\"><\/div>\n<\/div>\n\n\n\n<div class=\"wp-block-uagb-container uagb-block-isarbdwf\">\n<div class=\"wp-block-uagb-container uagb-block-2la3rhl4\">\n<div class=\"wp-block-uagb-info-box uagb-block-xsnbp5sw uagb-infobox__content-wrap  uagb-infobox-icon-above-title uagb-infobox-image-valign-top\"><div class=\"uagb-ifb-content\"><div class=\"uagb-ifb-title-wrap\"><p class=\"uagb-ifb-title-prefix\">01<\/p><h3 class=\"uagb-ifb-title\">WhatsApp PRO<\/h3><\/div><p class=\"uagb-ifb-desc\">Contactez le cabinet sur WhatsApp pour toute information ou question apr\u00e8s votre consultation.<br><\/p><div class=\"uagb-ifb-button-wrapper wp-block-button\"><a href=\"https:\/\/wa.me\/<0699763075&gt;\" class=\"uagb-infobox-cta-link wp-block-button__link\" target=\"_self\" rel=\"noopener noreferrer\" onclick=\"return true;\"><svg xmlns=\"https:\/\/www.w3.org\/2000\/svg\" viewBox=\"0 0 448 512\"><path d=\"M380.9 97.1C339 55.1 283.2 32 223.9 32c-122.4 0-222 99.6-222 222 0 39.1 10.2 77.3 29.6 111L0 480l117.7-30.9c32.4 17.7 68.9 27 106.1 27h.1c122.3 0 224.1-99.6 224.1-222 0-59.3-25.2-115-67.1-157zm-157 341.6c-33.2 0-65.7-8.9-94-25.7l-6.7-4-69.8 18.3L72 359.2l-4.4-7c-18.5-29.4-28.2-63.3-28.2-98.2 0-101.7 82.8-184.5 184.6-184.5 49.3 0 95.6 19.2 130.4 54.1 34.8 34.9 56.2 81.2 56.1 130.5 0 101.8-84.9 184.6-186.6 184.6zm101.2-138.2c-5.5-2.8-32.8-16.2-37.9-18-5.1-1.9-8.8-2.8-12.5 2.8-3.7 5.6-14.3 18-17.6 21.8-3.2 3.7-6.5 4.2-12 1.4-32.6-16.3-54-29.1-75.5-66-5.7-9.8 5.7-9.1 16.3-30.3 1.8-3.7 .9-6.9-.5-9.7-1.4-2.8-12.5-30.1-17.1-41.2-4.5-10.8-9.1-9.3-12.5-9.5-3.2-.2-6.9-.2-10.6-.2-3.7 0-9.7 1.4-14.8 6.9-5.1 5.6-19.4 19-19.4 46.3 0 27.3 19.9 53.7 22.6 57.4 2.8 3.7 39.1 59.7 94.8 83.8 35.2 15.2 49 16.5 66.6 13.9 10.7-1.6 32.8-13.4 37.4-26.4 4.6-13 4.6-24.1 3.2-26.4-1.3-2.5-5-3.9-10.5-6.6z\"><\/path><\/svg><span class=\"uagb-inline-editing\">WhatsApp<\/span><\/a><\/div><\/div><\/div>\n<\/div>\n\n\n\n<div class=\"wp-block-uagb-container uagb-block-0rhqj3zl\">\n<div class=\"wp-block-uagb-info-box uagb-block-tijzq5pk uagb-infobox__content-wrap  uagb-infobox-icon-above-title uagb-infobox-image-valign-top\"><div class=\"uagb-ifb-content\"><div class=\"uagb-ifb-title-wrap\"><p class=\"uagb-ifb-title-prefix\">02<\/p><h3 class=\"uagb-ifb-title\">Doctolib<\/h3><\/div><p class=\"uagb-ifb-desc\">Prenez rendez-vous en ligne directement sur doctolib 24\/24h et 7\/7j et posez des question \u00e0 votre praticien.<br><\/p><div class=\"uagb-ifb-button-wrapper wp-block-button\"><a href=\"https:\/\/www.doctolib.fr\/osteopathe\/gigean\/samir-chouabbi\" class=\"uagb-infobox-cta-link wp-block-button__link\" target=\"_self\" rel=\"noopener noreferrer\" onclick=\"return true;\"><svg xmlns=\"https:\/\/www.w3.org\/2000\/svg\" viewBox=\"0 0 448 512\"><path d=\"M352 128C352 198.7 294.7 256 223.1 256C153.3 256 95.1 198.7 95.1 128C95.1 57.31 153.3 0 223.1 0C294.7 0 352 57.31 352 128zM287.1 362C260.4 369.1 239.1 394.2 239.1 424V448C239.1 452.2 241.7 456.3 244.7 459.3L260.7 475.3C266.9 481.6 277.1 481.6 283.3 475.3C289.6 469.1 289.6 458.9 283.3 452.7L271.1 441.4V424C271.1 406.3 286.3 392 303.1 392C321.7 392 336 406.3 336 424V441.4L324.7 452.7C318.4 458.9 318.4 469.1 324.7 475.3C330.9 481.6 341.1 481.6 347.3 475.3L363.3 459.3C366.3 456.3 368 452.2 368 448V424C368 394.2 347.6 369.1 320 362V308.8C393.5 326.7 448 392.1 448 472V480C448 497.7 433.7 512 416 512H32C14.33 512 0 497.7 0 480V472C0 393 54.53 326.7 128 308.8V370.3C104.9 377.2 88 398.6 88 424C88 454.9 113.1 480 144 480C174.9 480 200 454.9 200 424C200 398.6 183.1 377.2 160 370.3V304.2C162.7 304.1 165.3 304 168 304H280C282.7 304 285.3 304.1 288 304.2L287.1 362zM167.1 424C167.1 437.3 157.3 448 143.1 448C130.7 448 119.1 437.3 119.1 424C119.1 410.7 130.7 400 143.1 400C157.3 400 167.1 410.7 167.1 424z\"><\/path><\/svg><span class=\"uagb-inline-editing\">Prendre RDV<\/span><\/a><\/div><\/div><\/div>\n<\/div>\n\n\n\n<div class=\"wp-block-uagb-container uagb-block-t349nhmm\">\n<div class=\"wp-block-uagb-info-box uagb-block-zxlf57n9 uagb-infobox__content-wrap  uagb-infobox-icon-above-title uagb-infobox-image-valign-top\"><div class=\"uagb-ifb-content\"><div class=\"uagb-ifb-title-wrap\"><p class=\"uagb-ifb-title-prefix\">03<\/p><h3 class=\"uagb-ifb-title\">Par T\u00e9l\u00e9phone<\/h3><\/div><p class=\"uagb-ifb-desc\">Le cabinet est joignable par t\u00e9l\u00e9phone pour la prise de rendez-vous. N&#8217;h\u00e9sitez pas \u00e0 nous contacter.<br><\/p><div class=\"uagb-ifb-button-wrapper wp-block-button\"><a href=\"\u00ab href=&quot;tel:0699763075&quot; \u00bb\" class=\"uagb-infobox-cta-link wp-block-button__link\" target=\"_self\" rel=\"noopener noreferrer\" onclick=\"return true;\"><span class=\"uagb-inline-editing\">Appeler le cabinet<\/span><\/a><\/div><\/div><\/div>\n<\/div>\n<\/div>\n<\/div><\/div>\n\n\n\n<div class=\"wp-block-uagb-container uagb-block-lhk4gu0t alignfull uagb-is-root-container\"><div class=\"uagb-container-inner-blocks-wrap\">\n<div class=\"wp-block-uagb-info-box uagb-block-tosfsedf uagb-infobox__content-wrap  uagb-infobox-icon-above-title uagb-infobox-image-valign-top\"><div class=\"uagb-ifb-content\"><div class=\"uagb-ifb-title-wrap\"><p class=\"uagb-ifb-title-prefix\">OSTEOPATHE.D.O.<\/p><h2 class=\"uagb-ifb-title\">Chouabbi Samir<\/h2><\/div><p class=\"uagb-ifb-desc\">Votre ost\u00e9opathe D.O. vous accueille dans un cabinet moderne et tr\u00e8s bien \u00e9quip\u00e9 pour que vous disposiez de la meilleure prise en charge possible.<\/p><\/div><\/div>\n<\/div><\/div>\n\n\n\n<div class=\"wp-block-uagb-container uagb-block-cmxtpqkk alignfull uagb-is-root-container\"><div class=\"uagb-container-inner-blocks-wrap\">\n<div class=\"wp-block-group is-nowrap is-layout-flex wp-container-core-group-is-layout-6c531013 wp-block-group-is-layout-flex\">\n<div class=\"wp-block-uagb-container uagb-block-mnsfc26v\">\n<div class=\"wp-block-uagb-image alignleft uagb-block-gqktcf88 wp-block-uagb-image--layout-default wp-block-uagb-image--effect-static wp-block-uagb-image--align-left\"><figure class=\"wp-block-uagb-image__figure\"><img decoding=\"async\" srcset=\"https:\/\/osteo-gigean.fr\/wp-content\/uploads\/2026\/02\/CAB4.png ,https:\/\/osteo-gigean.fr\/wp-content\/uploads\/2026\/02\/CAB4.png 780w, https:\/\/osteo-gigean.fr\/wp-content\/uploads\/2026\/02\/CAB4.png 360w\" sizes=\"auto, (max-width: 480px) 150px\" src=\"https:\/\/osteo-gigean.fr\/wp-content\/uploads\/2026\/02\/CAB4.png\" alt=\"\" class=\"uag-image-40\" width=\"589\" height=\"450\" title=\"CAB4\" loading=\"lazy\" role=\"img\"\/><\/figure><\/div>\n<\/div>\n\n\n\n<div class=\"wp-block-uagb-info-box uagb-block-5liex6ol uagb-infobox__content-wrap  uagb-infobox-icon-above-title uagb-infobox-image-valign-top\"><div class=\"uagb-ifb-content\"><div class=\"uagb-ifb-title-wrap\"><h3 class=\"uagb-ifb-title\">Pourquoi consulter ?<\/h3><\/div><p class=\"uagb-ifb-desc\"><strong>Votre praticien propose une prise en charge personnalis\u00e9e pour soulager notamment :<\/strong><br>       &#8211; les <strong>douleurs du dos<\/strong> (lombalgies, cervicalgies, sciatiques),<br>       &#8211; les <strong>troubles musculo-squelettiques<\/strong>,<br>       &#8211; les <strong>maux de t\u00eate<\/strong> et migraines,<br>       &#8211; les <strong>troubles digestifs<\/strong>,<br>       &#8211; les tensions li\u00e9es au <strong>stress<\/strong> ou \u00e0 la posture,<br>       &#8211; l\u2019accompagnement de la <strong>grossesse<\/strong> et du <strong>post-partum<\/strong>.<br>       &#8211; le suivi et la pr\u00e9vention du <strong>sportif<\/strong><br><br>L&#8217;objectif est de vous aider \u00e0 retrouver un <strong>\u00e9quilibre durable<\/strong>, en respectant votre corps et son fonctionnement, gr\u00e2ce \u00e0 des techniques douces et adapt\u00e9es \u00e0 chacun.<\/p><\/div><\/div>\n<\/div>\n<\/div><\/div>\n\n\n\n<div class=\"wp-block-uagb-container uagb-block-eqh4wttg alignfull uagb-is-root-container\"><div class=\"uagb-container-inner-blocks-wrap\">\n<div class=\"wp-block-uagb-container uagb-block-gg5okvum\">\n<div class=\"wp-block-uagb-info-box uagb-block-jc7kcckd uagb-infobox__content-wrap  uagb-infobox-icon-left uagb-infobox-left uagb-infobox-image-valign-top\"><div class=\"uagb-ifb-icon-wrap\"><div class=\"uagb-iconbox-icon-wrap uagb-infobox-shape-circle\"><svg xmlns=\"https:\/\/www.w3.org\/2000\/svg\" viewBox=\"0 0 448 512\"><path d=\"M438.6 105.4C451.1 117.9 451.1 138.1 438.6 150.6L182.6 406.6C170.1 419.1 149.9 419.1 137.4 406.6L9.372 278.6C-3.124 266.1-3.124 245.9 9.372 233.4C21.87 220.9 42.13 220.9 54.63 233.4L159.1 338.7L393.4 105.4C405.9 92.88 426.1 92.88 438.6 105.4H438.6z\"><\/path><\/svg><\/div><\/div><div class=\"uagb-ifb-content\"><div class=\"uagb-ifb-title-wrap\"><h3 class=\"uagb-ifb-title\">98%<\/h3><\/div><p class=\"uagb-ifb-desc\">Patients satisfaits<\/p><\/div><\/div>\n\n\n\n<div class=\"wp-block-uagb-info-box uagb-block-w2bublb6 uagb-infobox__content-wrap  uagb-infobox-icon-left uagb-infobox-left uagb-infobox-image-valign-top\"><div class=\"uagb-ifb-icon-wrap\"><div class=\"uagb-iconbox-icon-wrap uagb-infobox-shape-circle\"><svg xmlns=\"https:\/\/www.w3.org\/2000\/svg\" viewBox=\"0 0 448 512\"><path d=\"M438.6 105.4C451.1 117.9 451.1 138.1 438.6 150.6L182.6 406.6C170.1 419.1 149.9 419.1 137.4 406.6L9.372 278.6C-3.124 266.1-3.124 245.9 9.372 233.4C21.87 220.9 42.13 220.9 54.63 233.4L159.1 338.7L393.4 105.4C405.9 92.88 426.1 92.88 438.6 105.4H438.6z\"><\/path><\/svg><\/div><\/div><div class=\"uagb-ifb-content\"><div class=\"uagb-ifb-title-wrap\"><h3 class=\"uagb-ifb-title\">80%<\/h3><\/div><p class=\"uagb-ifb-desc\">Sensation imm\u00e9diate du r\u00e9sultat<\/p><\/div><\/div>\n\n\n\n<div class=\"wp-block-uagb-info-box uagb-block-okntoq7x uagb-infobox__content-wrap  uagb-infobox-icon-left uagb-infobox-left uagb-infobox-image-valign-top\"><div class=\"uagb-ifb-icon-wrap\"><div class=\"uagb-iconbox-icon-wrap uagb-infobox-shape-circle\"><svg xmlns=\"https:\/\/www.w3.org\/2000\/svg\" viewBox=\"0 0 448 512\"><path d=\"M438.6 105.4C451.1 117.9 451.1 138.1 438.6 150.6L182.6 406.6C170.1 419.1 149.9 419.1 137.4 406.6L9.372 278.6C-3.124 266.1-3.124 245.9 9.372 233.4C21.87 220.9 42.13 220.9 54.63 233.4L159.1 338.7L393.4 105.4C405.9 92.88 426.1 92.88 438.6 105.4H438.6z\"><\/path><\/svg><\/div><\/div><div class=\"uagb-ifb-content\"><div class=\"uagb-ifb-title-wrap\"><h3 class=\"uagb-ifb-title\">90%<\/h3><\/div><p class=\"uagb-ifb-desc\">De blessure en moins chez le sportif<\/p><\/div><\/div>\n\n\n\n<div class=\"wp-block-uagb-info-box uagb-block-0hkc6pyr uagb-infobox__content-wrap  uagb-infobox-icon-left uagb-infobox-left uagb-infobox-image-valign-top\"><div class=\"uagb-ifb-icon-wrap\"><div class=\"uagb-iconbox-icon-wrap uagb-infobox-shape-circle\"><svg xmlns=\"https:\/\/www.w3.org\/2000\/svg\" viewBox=\"0 0 448 512\"><path d=\"M438.6 105.4C451.1 117.9 451.1 138.1 438.6 150.6L182.6 406.6C170.1 419.1 149.9 419.1 137.4 406.6L9.372 278.6C-3.124 266.1-3.124 245.9 9.372 233.4C21.87 220.9 42.13 220.9 54.63 233.4L159.1 338.7L393.4 105.4C405.9 92.88 426.1 92.88 438.6 105.4H438.6z\"><\/path><\/svg><\/div><\/div><div class=\"uagb-ifb-content\"><div class=\"uagb-ifb-title-wrap\"><h3 class=\"uagb-ifb-title\">99%<\/h3><\/div><p class=\"uagb-ifb-desc\">Meilleur sommeil, meilleure r\u00e9cup\u00e9ration<\/p><\/div><\/div>\n<\/div>\n<\/div><\/div>\n\n\n\n<div class=\"wp-block-uagb-container uagb-block-vylishfe alignfull uagb-is-root-container\"><div class=\"uagb-container-inner-blocks-wrap\">\n<div class=\"wp-block-uagb-info-box uagb-block-q46zbfh2 uagb-infobox__content-wrap  uagb-infobox-icon-above-title uagb-infobox-image-valign-top\"><div class=\"uagb-ifb-content\"><div class=\"uagb-ifb-title-wrap\"><p class=\"uagb-ifb-title-prefix\">AVIS DES CONSULTATIONS EN CABINET<\/p><h2 class=\"uagb-ifb-title\">AVIS PATIENTS<\/h2><\/div><p class=\"uagb-ifb-desc\">Votre satisfaction est notre priorit\u00e9<\/p><\/div><\/div>\n\n\n\n<div class=\"wp-block-uagb-container uagb-block-mzs6hqjj\">\n<div class=\"wp-block-uagb-container uagb-block-quv5hypf\">\n<div class=\"wp-block-uagb-star-rating uagb-block-hikkiwif\"><div class=\"uag-star-rating\" title=\"5\/5\"><span class=\"uag-star\">\u2605<\/span><span class=\"uag-star\">\u2605<\/span><span class=\"uag-star\">\u2605<\/span><span class=\"uag-star\">\u2605<\/span><span class=\"uag-star\">\u2605<\/span><\/div><\/div>\n\n\n\n<div class=\"wp-block-uagb-info-box uagb-block-f3kr4dki uagb-infobox__content-wrap  uagb-infobox-icon-above-title uagb-infobox-image-valign-top\"><div class=\"uagb-ifb-content\"><div class=\"uagb-ifb-title-wrap\"><\/div><p class=\"uagb-ifb-desc\">Quelle belle rencontre! Toutes les qualit\u00e9s d\u2019un professionnel et m\u00eame au del\u00e0 de mes attentes. Bienveillance, conseils, explications, des mains en or.\u2026<\/p><\/div><\/div>\n\n\n\n<div class=\"wp-block-uagb-info-box uagb-block-4hlv6dbz uagb-infobox__content-wrap  uagb-infobox-icon-above-title uagb-infobox-image-valign-top\"><div class=\"uagb-ifb-content\"><div class=\"uagb-ifb-image-content\"><img decoding=\"async\" src=\"http:\/\/osteo-gigean.fr\/wp-content\/uploads\/2026\/02\/testimonial-skip-06.jpg\" alt=\"\" width=\"60\" height=\"60\" loading=\"lazy\"\/><\/div><div class=\"uagb-ifb-title-wrap\"><p class=\"uagb-ifb-title\">C2CAPA Capacit\u00e9<\/p><\/div><\/div><\/div>\n<\/div>\n\n\n\n<div class=\"wp-block-uagb-container uagb-block-ki74wokv\">\n<div class=\"wp-block-uagb-star-rating uagb-block-rltgpxma\"><div class=\"uag-star-rating\" title=\"5\/5\"><span class=\"uag-star\">\u2605<\/span><span class=\"uag-star\">\u2605<\/span><span class=\"uag-star\">\u2605<\/span><span class=\"uag-star\">\u2605<\/span><span class=\"uag-star\">\u2605<\/span><\/div><\/div>\n\n\n\n<div class=\"wp-block-uagb-info-box uagb-block-wovdlixo uagb-infobox__content-wrap  uagb-infobox-icon-above-title uagb-infobox-image-valign-top\"><div class=\"uagb-ifb-content\"><div class=\"uagb-ifb-title-wrap\"><\/div><p class=\"uagb-ifb-desc\">Le meilleur ost\u00e9opathe, des douleurs qui durent depuis des ann\u00e9es, il m\u2019a suffit de 3 s\u00e9ances pour les faire totalement dispara\u00eetre. Merci encore pour le professionnalisme.<\/p><\/div><\/div>\n\n\n\n<div class=\"wp-block-uagb-info-box uagb-block-mzxjl5ke uagb-infobox__content-wrap  uagb-infobox-icon-above-title uagb-infobox-image-valign-top\"><div class=\"uagb-ifb-content\"><div class=\"uagb-ifb-image-content\"><img decoding=\"async\" src=\"http:\/\/osteo-gigean.fr\/wp-content\/uploads\/2026\/02\/testimonial-skip-08.jpg\" alt=\"\" width=\"60\" height=\"60\" loading=\"lazy\"\/><\/div><div class=\"uagb-ifb-title-wrap\"><p class=\"uagb-ifb-title\">Sorhouet.K<\/p><\/div><\/div><\/div>\n<\/div>\n\n\n\n<div class=\"wp-block-uagb-container uagb-block-m89q9eo0\">\n<div class=\"wp-block-uagb-star-rating uagb-block-matuepof\"><div class=\"uag-star-rating\" title=\"5\/5\"><span class=\"uag-star\">\u2605<\/span><span class=\"uag-star\">\u2605<\/span><span class=\"uag-star\">\u2605<\/span><span class=\"uag-star\">\u2605<\/span><span class=\"uag-star\">\u2605<\/span><\/div><\/div>\n\n\n\n<div class=\"wp-block-uagb-info-box uagb-block-jznubeoe uagb-infobox__content-wrap  uagb-infobox-icon-above-title uagb-infobox-image-valign-top\"><div class=\"uagb-ifb-content\"><div class=\"uagb-ifb-title-wrap\"><\/div><p class=\"uagb-ifb-desc\">J\u2019ai amen\u00e9 mon fils pour une entorse \u00e0 la cheville. Ost\u00e9opathe tr\u00e8s performant et tr\u00e8s p\u00e9dagogue avec les enfants. Nous sommes ravis, je recommande sans probl\u00e8me !<\/p><\/div><\/div>\n\n\n\n<div class=\"wp-block-uagb-info-box uagb-block-ujuph7wc uagb-infobox__content-wrap  uagb-infobox-icon-above-title uagb-infobox-image-valign-top\"><div class=\"uagb-ifb-content\"><div class=\"uagb-ifb-image-content\"><img decoding=\"async\" src=\"http:\/\/osteo-gigean.fr\/wp-content\/uploads\/2026\/02\/testimonial-skip-07.jpg\" alt=\"\" width=\"60\" height=\"60\" loading=\"lazy\"\/><\/div><div class=\"uagb-ifb-title-wrap\"><p class=\"uagb-ifb-title\">Z. Ibri<\/p><\/div><\/div><\/div>\n<\/div>\n<\/div>\n<\/div><\/div>\n\n\n\n<div class=\"wp-block-uagb-container uagb-block-qbxaqtst alignfull uagb-is-root-container\"><div class=\"uagb-container-inner-blocks-wrap\">\n<div class=\"wp-block-uagb-info-box uagb-block-qykwvn2p uagb-infobox__content-wrap  uagb-infobox-icon-above-title uagb-infobox-image-valign-top\"><div class=\"uagb-ifb-content\"><div class=\"uagb-ifb-title-wrap\"><p class=\"uagb-ifb-title-prefix\">RENDEZ-VOUS<\/p><h2 class=\"uagb-ifb-title\">Prenez Rendez-vous<\/h2><\/div><p class=\"uagb-ifb-desc\">Contactez-nous par t\u00e9l\u00e9phone pour toute prise de rendez-vous pour une consultation.<\/p><\/div><\/div>\n\n\n\n<div class=\"wp-block-uagb-icon-list uagb-block-zvsjqy1a\"><div class=\"uagb-icon-list__wrap\">\n<div class=\"wp-block-uagb-icon-list-child uagb-block-isbklulj\"><a target=\"_self\" aria-label=\"06 99 76 30 75\" rel=\"noopener noreferrer\" href=\"#\"> <\/a><span class=\"uagb-icon-list__source-wrap\"><svg xmlns=\"https:\/\/www.w3.org\/2000\/svg\" viewBox=\"0 0 512 512\"><path d=\"M511.2 387l-23.25 100.8c-3.266 14.25-15.79 24.22-30.46 24.22C205.2 512 0 306.8 0 54.5c0-14.66 9.969-27.2 24.22-30.45l100.8-23.25C139.7-2.602 154.7 5.018 160.8 18.92l46.52 108.5c5.438 12.78 1.77 27.67-8.98 36.45L144.5 207.1c33.98 69.22 90.26 125.5 159.5 159.5l44.08-53.8c8.688-10.78 23.69-14.51 36.47-8.975l108.5 46.51C506.1 357.2 514.6 372.4 511.2 387z\"><\/path><\/svg><\/span><span class=\"uagb-icon-list__label\">06 99 76 30 75<\/span><\/div>\n<\/div><\/div>\n<\/div><\/div>\n\n\n\n<p><\/p>\n","protected":false},"excerpt":{"rendered":"<p>CHOUABBI SAMIR &#8211; Ost\u00e9opathe D.O.<\/p>\n","protected":false},"author":1,"featured_media":0,"parent":0,"menu_order":0,"comment_status":"closed","ping_status":"closed","template":"","meta":{"_uag_custom_page_level_css":"","site-sidebar-layout":"default","site-content-layout":"","ast-site-content-layout":"default","site-content-style":"default","site-sidebar-style":"default","ast-global-header-display":"","ast-banner-title-visibility":"","ast-main-header-display":"","ast-hfb-above-header-display":"","ast-hfb-below-header-display":"","ast-hfb-mobile-header-display":"","site-post-title":"disabled","ast-breadcrumbs-content":"","ast-featured-img":"","footer-sml-layout":"","ast-disable-related-posts":"","theme-transparent-header-meta":"","adv-header-id-meta":"","stick-header-meta":"","header-above-stick-meta":"","header-main-stick-meta":"","header-below-stick-meta":"","astra-migrate-meta-layouts":"default","ast-page-background-enabled":"default","ast-page-background-meta":{"desktop":{"background-color":"var(--ast-global-color-5)","background-image":"","background-repeat":"repeat","background-position":"center center","background-size":"auto","background-attachment":"scroll","background-type":"","background-media":"","overlay-type":"","overlay-color":"","overlay-opacity":"","overlay-gradient":""},"tablet":{"background-color":"","background-image":"","background-repeat":"repeat","background-position":"center center","background-size":"auto","background-attachment":"scroll","background-type":"","background-media":"","overlay-type":"","overlay-color":"","overlay-opacity":"","overlay-gradient":""},"mobile":{"background-color":"","background-image":"","background-repeat":"repeat","background-position":"center center","background-size":"auto","background-attachment":"scroll","background-type":"","background-media":"","overlay-type":"","overlay-color":"","overlay-opacity":"","overlay-gradient":""}},"ast-content-background-meta":{"desktop":{"background-color":"var(--ast-global-color-4)","background-image":"","background-repeat":"repeat","background-position":"center center","background-size":"auto","background-attachment":"scroll","background-type":"","background-media":"","overlay-type":"","overlay-color":"","overlay-opacity":"","overlay-gradient":""},"tablet":{"background-color":"var(--ast-global-color-4)","background-image":"","background-repeat":"repeat","background-position":"center center","background-size":"auto","background-attachment":"scroll","background-type":"","background-media":"","overlay-type":"","overlay-color":"","overlay-opacity":"","overlay-gradient":""},"mobile":{"background-color":"var(--ast-global-color-4)","background-image":"","background-repeat":"repeat","background-position":"center center","background-size":"auto","background-attachment":"scroll","background-type":"","background-media":"","overlay-type":"","overlay-color":"","overlay-opacity":"","overlay-gradient":""}},"footnotes":""},"class_list":["post-22","page","type-page","status-publish","hentry"],"uagb_featured_image_src":{"full":false,"thumbnail":false,"medium":false,"medium_large":false,"large":false,"1536x1536":false,"2048x2048":false},"uagb_author_info":{"display_name":"admin9239","author_link":"https:\/\/osteo-gigean.fr\/index.php\/author\/admin9239\/"},"uagb_comment_info":0,"uagb_excerpt":"CHOUABBI SAMIR &#8211; Ost\u00e9opathe D.O.","_links":{"self":[{"href":"https:\/\/osteo-gigean.fr\/index.php\/wp-json\/wp\/v2\/pages\/22","targetHints":{"allow":["GET"]}}],"collection":[{"href":"https:\/\/osteo-gigean.fr\/index.php\/wp-json\/wp\/v2\/pages"}],"about":[{"href":"https:\/\/osteo-gigean.fr\/index.php\/wp-json\/wp\/v2\/types\/page"}],"author":[{"embeddable":true,"href":"https:\/\/osteo-gigean.fr\/index.php\/wp-json\/wp\/v2\/users\/1"}],"replies":[{"embeddable":true,"href":"https:\/\/osteo-gigean.fr\/index.php\/wp-json\/wp\/v2\/comments?post=22"}],"version-history":[{"count":16,"href":"https:\/\/osteo-gigean.fr\/index.php\/wp-json\/wp\/v2\/pages\/22\/revisions"}],"predecessor-version":[{"id":63,"href":"https:\/\/osteo-gigean.fr\/index.php\/wp-json\/wp\/v2\/pages\/22\/revisions\/63"}],"wp:attachment":[{"href":"https:\/\/osteo-gigean.fr\/index.php\/wp-json\/wp\/v2\/media?parent=22"}],"curies":[{"name":"wp","href":"https:\/\/api.w.org\/{rel}","templated":true}]}}